{"id":318,"date":"2024-03-19T18:06:44","date_gmt":"2024-03-19T17:06:44","guid":{"rendered":"http:\/\/www.centergroup.it\/?page_id=318"},"modified":"2024-04-06T18:27:43","modified_gmt":"2024-04-06T16:27:43","slug":"97-2-5","status":"publish","type":"page","link":"http:\/\/www.centergroup.it\/?page_id=318","title":{"rendered":"Telefonia VOIP e Unified Communication"},"content":{"rendered":"<div id=\"dslc-theme-content\"><div id=\"dslc-theme-content-inner\">\n<div class=\"wp-block-group alignfull\"><div class=\"wp-block-group__inner-container is-layout-constrained wp-block-group-is-layout-constrained\">\n<div class=\"wp-block-group alignfull is-content-justification-space-between is-layout-flex wp-block-group-is-layout-flex\" style=\"padding-top:var(--wp--preset--spacing--30);padding-right:var(--wp--preset--spacing--30);padding-bottom:var(--wp--preset--spacing--30);padding-left:var(--wp--preset--spacing--30)\">\n<div class=\"wp-block-group is-layout-flex wp-block-group-is-layout-flex\"><div class=\"is-default-size wp-block-site-logo\"><a href=\"http:\/\/www.centergroup.it\/\" title=\"CENTER GROUP SRL - Ready for future\" rel=\"home\" itemprop=\"url\"><\/a><\/div>\n\n\n<div class=\"wp-block-group is-vertical is-layout-flex wp-block-group-is-layout-flex\"><h1 class=\"has-link-color wp-elements-f7ec64f471b5bfcc0be230aa4daa838e wp-block-site-title has-medium-font-size\"><a href=\"http:\/\/www.centergroup.it\" target=\"_self\" rel=\"home\">CENTER GROUP SRL<\/a><\/h1><\/div>\n<\/div>\n<\/div>\n\n\n\n<div class=\"wp-block-cover alignfull\" style=\"margin-top:0;min-height:374px\"><span aria-hidden=\"true\" class=\"wp-block-cover__background has-black-background-color has-background-dim-0 has-background-dim\"><\/span><img fetchpriority=\"high\" decoding=\"async\" width=\"1417\" height=\"744\" class=\"wp-block-cover__image-background wp-image-325\" alt=\"\" src=\"http:\/\/www.centergroup.it\/wp-content\/uploads\/2024\/03\/VOIP-per-call-center-tutto-quel-che-devi-sapere-per-sceglierlo.jpg\" data-object-fit=\"cover\" srcset=\"http:\/\/www.centergroup.it\/wp-content\/uploads\/2024\/03\/VOIP-per-call-center-tutto-quel-che-devi-sapere-per-sceglierlo.jpg 1417w, http:\/\/www.centergroup.it\/wp-content\/uploads\/2024\/03\/VOIP-per-call-center-tutto-quel-che-devi-sapere-per-sceglierlo-300x158.jpg 300w, http:\/\/www.centergroup.it\/wp-content\/uploads\/2024\/03\/VOIP-per-call-center-tutto-quel-che-devi-sapere-per-sceglierlo-1024x538.jpg 1024w, http:\/\/www.centergroup.it\/wp-content\/uploads\/2024\/03\/VOIP-per-call-center-tutto-quel-che-devi-sapere-per-sceglierlo-768x403.jpg 768w\" sizes=\"(max-width: 1417px) 100vw, 1417px\" \/><div class=\"wp-block-cover__inner-container is-layout-flow wp-block-cover-is-layout-flow\">\n<div style=\"height:50px\" aria-hidden=\"true\" class=\"wp-block-spacer\"><\/div>\n<\/div><\/div>\n<\/div><\/div>\n\n\n\n<div class=\"wp-block-columns alignfull is-layout-flex wp-block-columns-is-layout-flex\" style=\"margin-bottom:0\">\n<div class=\"wp-block-column has-white-background-color has-text-color has-background has-link-color wp-elements-5ba93b3e099bd7102575bc8919c47a5d is-layout-flow wp-block-column-is-layout-flow\" style=\"color:#000000;padding-top:2em;padding-right:2em;padding-bottom:2em;padding-left:2em\">\n<h2 class=\"wp-block-heading has-vivid-red-color has-text-color has-link-color wp-elements-67161f54f1ac016a895ce82f103eb1fd\" id=\"single\" style=\"font-size:40px\">Voip?<\/h2>\n\n\n\n<p class=\"has-medium-font-size\" style=\"line-height:1.5\"><\/p>\n\n\n\n<p>La sigla VOIP sta per &#8220;Voice Over IP&#8221; e sta a indicare un nuovo modo di trasmissione della fonia. A differenza di quanto accadeva in passato, infatti, le nuove tecnologie legate alla rete fissa rendono possibile oggi effettuare conversazioni usando direttamente la rete internet e non quella telefonica tradizionale.<\/p>\n\n\n\n<div class=\"wp-block-buttons alignfull is-horizontal is-content-justification-center is-layout-flex wp-block-buttons-is-layout-flex\">\n<div class=\"wp-block-button has-custom-width wp-block-button__width-100\"><a class=\"wp-block-button__link has-white-color has-vivid-red-background-color has-text-color has-background no-border-radius wp-element-button\">Incontriamoci per la nostra soluzione di comunicazione unificata per la tua azienda<\/a><\/div>\n<\/div>\n<\/div>\n\n\n\n<div class=\"wp-block-column has-white-background-color has-text-color has-background has-link-color wp-elements-b60d5c000a5fb5290613c40121e40a03 is-layout-flow wp-block-column-is-layout-flow\" style=\"color:#000000;padding-top:2em;padding-right:2em;padding-bottom:2em;padding-left:2em\">\n<h2 class=\"wp-block-heading has-light-green-cyan-color has-text-color has-link-color wp-elements-b50578e24a0d107f0b73609dfdeccfea\" id=\"family\" style=\"font-size:40px\">Video telefonia digitale:vantaggi<\/h2>\n\n\n\n<p class=\"has-medium-font-size\" style=\"line-height:1.5\"><\/p>\n\n\n\n<hr class=\"wp-block-separator has-css-opacity\"\/>\n\n\n\n<p><strong>Niente pi\u00f9 banda dedicata esclusivamente alla fonia<\/strong><br>Costi ridotti<br>I principali operatori e gestori del pianeta hanno iniziato ad offrire i propri servizi esclusivamente in tecnologia VOIP; beneficio, questo che&nbsp;aiuter\u00e0 nel lungo termine gli utenti. Infatti, grazie ad un costo tutto sommato esiguo per l\u2019infrastruttura di rete, \u00e8 gi\u00e0 possibile pagare per le chiamate internazionali e intercontinentali allo stesso costo delle chiamate nazionali. Gestendo l\u2019instradamento della chiamata su protocollo IP, invece che secondo il metodo tradizionale,&nbsp;non vi sono costi che fanno lievitare gli importi per le chiamate \u201ca lungo raggio\u201d.<\/p>\n\n\n\n<p><strong>Soluzione pi\u00f9 efficace per le aziende<\/strong><\/p>\n\n\n\n<p>l&nbsp;Voice over IP&nbsp;rappresenta una grande&nbsp;opportunit\u00e0 per le aziende<strong>.<\/strong> Consente, infatti, di gestire un volume di chiamate sostenuto ed in parallelo, si pensi alle Skype call a alle conference calling multi-point. Per le aziende complesse, inoltre,&nbsp;calano le voci di spesa&nbsp;per quanto riguarda le infrastrutture: grazie ad alcuni software gratuiti, \u00e8 possibile chiamare ed essere chiamati in qualsiasi momento da qualsiasi parte del mondo. L\u2019unico requisito necessario \u00e8 una&nbsp;buona connessione ad internet.<\/p>\n\n\n\n<p><strong>Si possono settare diversi numeri<\/strong><\/p>\n\n\n\n<p>Su un solo apparato telefonico puoi ottenere&nbsp;<strong>uno o pi\u00f9 numeri geografici<\/strong>, salvare messaggi vocali sul tuo computer o, ancora, effettuare telefonate completamente gratuite tra utenti della stessa rete.<\/p>\n\n\n\n<div class=\"wp-block-buttons alignfull is-horizontal is-content-justification-left is-layout-flex wp-block-buttons-is-layout-flex\">\n<div class=\"wp-block-button has-custom-width wp-block-button__width-100\"><a class=\"wp-block-button__link has-black-color has-light-green-cyan-background-color has-text-color has-background no-border-radius wp-element-button\">Contattaci per la soluzione adatta!<\/a><\/div>\n<\/div>\n<\/div>\n\n\n\n<div class=\"wp-block-column has-white-background-color has-text-color has-background has-link-color wp-elements-ab50f2945e9f189811552a7d5365518c is-layout-flow wp-block-column-is-layout-flow\" style=\"color:#000000;padding-top:2em;padding-right:2em;padding-bottom:2em;padding-left:2em\">\n<h2 class=\"wp-block-heading has-vivid-cyan-blue-color has-text-color has-link-color wp-elements-e5fa14513e7cf1c96e8c14b03442bacc\" id=\"patron\" style=\"font-size:40px\">Comunicazione Unificata<\/h2>\n\n\n\n<p class=\"has-medium-font-size\"><\/p>\n\n\n\n<hr class=\"wp-block-separator has-css-opacity\"\/>\n\n\n\n<p class=\"has-medium-font-size\">Centralizzazione dei contatti aziendali<\/p>\n\n\n\n<p class=\"has-small-font-size\">Esamina i database aziendali e raggruppa tutti i contatti in una singola posizione. Utilizzali per effettuare chiamate, inviare email o messaggi di testo.<\/p>\n\n\n\n<p class=\"has-small-font-size\">Effettuare  videochiamate dal tuo PC<\/p>\n\n\n\n<figure class=\"wp-block-image size-full\"><img decoding=\"async\" width=\"292\" height=\"181\" src=\"http:\/\/www.centergroup.it\/wp-content\/uploads\/2024\/04\/OIP.jpeg\" alt=\"\" class=\"wp-image-487\"\/><\/figure>\n\n\n\n<p class=\"has-small-font-size\">Grazie all&#8217;utilizzo di soft-phone \u00e8 possibile ricevere ed effettuare chiamate direttamente dalla postazione di lavoro tipico. come il pc oltre che eventualmente dal proprio smartphone.<\/p>\n\n\n\n<p class=\"has-small-font-size\"><strong>Interfaccia Unificata<\/strong><\/p>\n\n\n\n<p class=\"has-small-font-size\">L\u2019XDR semplifica le operazioni di sicurezza fornendo un\u2019interfaccia unificata per il rilevamento delle minacce, l\u2019analisi e la risposta. Questo ottimizza i flussi di lavoro e facilita l\u2019indagine sulle minacce<\/p>\n\n\n\n<div class=\"wp-block-buttons alignfull is-horizontal is-content-justification-center is-layout-flex wp-block-buttons-is-layout-flex\">\n<div class=\"wp-block-button has-custom-width wp-block-button__width-100\"><a class=\"wp-block-button__link has-white-color has-vivid-cyan-blue-background-color has-text-color has-background no-border-radius wp-element-button\">Portiamo la tua esperienza di comunicazione ad un livello superiore.<\/a><\/div>\n<\/div>\n<\/div>\n\n\n\n<div class=\"wp-block-column has-white-background-color has-text-color has-background has-link-color wp-elements-85ecd266dc6c51f190b2d0595be0e554 is-layout-flow wp-block-column-is-layout-flow\" style=\"color:#000000;padding-top:2em;padding-right:2em;padding-bottom:2em;padding-left:2em\">\n<h2 class=\"wp-block-heading has-luminous-vivid-amber-color has-text-color has-link-color wp-elements-3c75d46e84b106b9d04b61da3f11bca0\" id=\"patron\" style=\"font-size:40px\">XCG-back<\/h2>\n\n\n\n<p class=\"has-medium-font-size\"><strong>Disaster recovery e backup off-site<\/strong><\/p>\n\n\n\n<hr class=\"wp-block-separator has-css-opacity\"\/>\n\n\n\n<p class=\"has-medium-font-size\">I vantaggi di un piano di Backup e Disaster Recovery<\/p>\n\n\n\n<p class=\"has-small-font-size\"><strong>Rapido Ripristino<\/strong>:<\/p>\n\n\n\n<p class=\"has-small-font-size\">Un buon piano di ripristino in caso di disastro dovrebbe consentire un rapido recupero dalle interruzioni, indipendentemente dalla causa delle stesse.&nbsp;Ci\u00f2 riduce al minimo l\u2019impatto negativo sull\u2019azienda, poich\u00e9 pi\u00f9 lungo \u00e8 il tempo di recupero, maggiore \u00e8 l\u2019impatto finanziario e sulla reputazione.<\/p>\n\n\n\n<p class=\"has-small-font-size\"><strong>Vantaggio Competitivo<\/strong>:<\/p>\n\n\n\n<p class=\"has-small-font-size\">Le organizzazioni con un piano di ripristino in caso di disastro hanno un vantaggio competitivo rispetto a quelle che non ne hanno uno.&nbsp;In caso di catastrofe di origine naturale o crisi di altro tipo, le aziende senza un piano dovrebbero arrestare l\u2019operativit\u00e0, mentre quelle con un DRP possono continuare a operare con minori interruzioni.<\/p>\n\n\n\n<p class=\"has-text-align-left has-small-font-size\"><\/p>\n\n\n\n<p class=\"has-text-align-left has-small-font-size\"><\/p>\n\n\n\n<p>&nbsp;<\/p>\n\n\n\n<div class=\"wp-block-buttons alignfull is-horizontal is-content-justification-center is-layout-flex wp-block-buttons-is-layout-flex\">\n<div class=\"wp-block-button has-custom-width wp-block-button__width-100\"><a class=\"wp-block-button__link has-black-color has-luminous-vivid-amber-background-color has-text-color has-background no-border-radius wp-element-button\">Contattaci per il tuo piano di disaster recovery!<\/a><\/div>\n<\/div>\n<\/div>\n<\/div>\n\n\n<p style=\"text-align: center;\"><strong>I PARTNER TECHNOLOGICI PER LE SOLUZIONI DI TELEFONIA<\/strong><\/p>\n\n\n<div class=\"wp-block-columns has-white-background-color has-background is-layout-flex wp-block-columns-is-layout-flex\">\n\n<figure class=\"is-layout-flow wp-block-column-is-layout-flow\"><img decoding=\"async\" style=\"width: 303px; height: auto;\" src=\"http:\/\/www.centergroup.it\/wp-content\/uploads\/2024\/03\/cropped-Logo_VoipVoice-1.png\" alt=\"\" \/><\/figure>\n\n\n\n\n\n<figure class=\"is-layout-flow wp-block-column-is-layout-flow\"><img decoding=\"async\" style=\"width: 137px; height: auto;\" src=\"http:\/\/www.centergroup.it\/wp-content\/uploads\/2024\/03\/Senza-titolo.png\" alt=\"\" \/><\/figure>\n\n\n\n\n\n<figure class=\"is-layout-flow wp-block-column-is-layout-flow\"><img decoding=\"async\" style=\"width: 123px; height: auto;\" src=\"http:\/\/www.centergroup.it\/wp-content\/uploads\/2024\/03\/Senza-titolo2.png\" alt=\"\" \/><\/figure>\n\n\n\n\n\n<figure class=\"is-layout-flow wp-block-column-is-layout-flow\"><img decoding=\"async\" style=\"width: 177px; height: auto;\" src=\"http:\/\/www.centergroup.it\/wp-content\/uploads\/2024\/03\/Senza-titolo3.png\" alt=\"\" \/><\/figure>\n\n<\/div>\n\n\n\n<p>&nbsp;<\/p>\n<\/div><\/div>","protected":false},"excerpt":{"rendered":"<p>Voip? La sigla VOIP sta per &#8220;Voice Over IP&#8221; e sta a indicare un nuovo modo di trasmissione della fonia. A differenza di quanto accadeva in passato, infatti, le nuove tecnologie legate alla rete fissa rendono possibile oggi effettuare conversazioni usando direttamente la rete internet e non quella telefonica tradizionale. Video telefonia digitale:vantaggi Niente pi\u00f9 <a class=\"read-more\" href=\"http:\/\/www.centergroup.it\/?page_id=318\">LEGGI TUTTO<\/a><\/p>\n","protected":false},"author":1,"featured_media":0,"parent":0,"menu_order":0,"comment_status":"closed","ping_status":"closed","template":"template-full-width.php","meta":{"footnotes":""},"class_list":["post-318","page","type-page","status-publish","hentry"],"_links":{"self":[{"href":"http:\/\/www.centergroup.it\/index.php?rest_route=\/wp\/v2\/pages\/318","targetHints":{"allow":["GET"]}}],"collection":[{"href":"http:\/\/www.centergroup.it\/index.php?rest_route=\/wp\/v2\/pages"}],"about":[{"href":"http:\/\/www.centergroup.it\/index.php?rest_route=\/wp\/v2\/types\/page"}],"author":[{"embeddable":true,"href":"http:\/\/www.centergroup.it\/index.php?rest_route=\/wp\/v2\/users\/1"}],"replies":[{"embeddable":true,"href":"http:\/\/www.centergroup.it\/index.php?rest_route=%2Fwp%2Fv2%2Fcomments&post=318"}],"version-history":[{"count":22,"href":"http:\/\/www.centergroup.it\/index.php?rest_route=\/wp\/v2\/pages\/318\/revisions"}],"predecessor-version":[{"id":489,"href":"http:\/\/www.centergroup.it\/index.php?rest_route=\/wp\/v2\/pages\/318\/revisions\/489"}],"wp:attachment":[{"href":"http:\/\/www.centergroup.it\/index.php?rest_route=%2Fwp%2Fv2%2Fmedia&parent=318"}],"curies":[{"name":"wp","href":"https:\/\/api.w.org\/{rel}","templated":true}]}}