{"id":212,"date":"2024-03-17T11:02:10","date_gmt":"2024-03-17T10:02:10","guid":{"rendered":"http:\/\/www.centergroup.it\/?page_id=212"},"modified":"2024-05-04T17:13:59","modified_gmt":"2024-05-04T15:13:59","slug":"97-2-3","status":"publish","type":"page","link":"http:\/\/www.centergroup.it\/?page_id=212","title":{"rendered":"Sviluppo software"},"content":{"rendered":"<div id=\"dslc-theme-content\"><div id=\"dslc-theme-content-inner\">\n<div class=\"wp-block-group alignfull\"><div class=\"wp-block-group__inner-container is-layout-constrained wp-block-group-is-layout-constrained\">\n<div class=\"wp-block-group alignfull is-content-justification-space-between is-layout-flex wp-block-group-is-layout-flex\" style=\"padding-top:var(--wp--preset--spacing--30);padding-right:var(--wp--preset--spacing--30);padding-bottom:var(--wp--preset--spacing--30);padding-left:var(--wp--preset--spacing--30)\">\n<div class=\"wp-block-group is-layout-flex wp-block-group-is-layout-flex\"><div class=\"is-default-size wp-block-site-logo\"><a href=\"http:\/\/www.centergroup.it\/\" title=\"CENTER GROUP SRL - Ready for future\" rel=\"home\" itemprop=\"url\"><\/a><\/div>\n\n\n<div class=\"wp-block-group is-vertical is-layout-flex wp-block-group-is-layout-flex\"><h1 class=\"has-link-color wp-elements-f7ec64f471b5bfcc0be230aa4daa838e wp-block-site-title has-medium-font-size\"><a href=\"http:\/\/www.centergroup.it\" target=\"_self\" rel=\"home\">CENTER GROUP SRL<\/a><\/h1><\/div>\n<\/div>\n<\/div>\n\n\n\n<div class=\"wp-block-cover alignfull is-light\" style=\"margin-top:0;min-height:374px\"><span aria-hidden=\"true\" class=\"wp-block-cover__background has-black-background-color has-background-dim-0 has-background-dim\"><\/span><img fetchpriority=\"high\" decoding=\"async\" width=\"1920\" height=\"1000\" class=\"wp-block-cover__image-background wp-image-213\" alt=\"\" src=\"http:\/\/www.centergroup.it\/wp-content\/uploads\/2024\/03\/Top-4-Software-Development-Methodologies.webp\" data-object-fit=\"cover\" srcset=\"http:\/\/www.centergroup.it\/wp-content\/uploads\/2024\/03\/Top-4-Software-Development-Methodologies.webp 1920w, http:\/\/www.centergroup.it\/wp-content\/uploads\/2024\/03\/Top-4-Software-Development-Methodologies-300x156.webp 300w, http:\/\/www.centergroup.it\/wp-content\/uploads\/2024\/03\/Top-4-Software-Development-Methodologies-1024x533.webp 1024w, http:\/\/www.centergroup.it\/wp-content\/uploads\/2024\/03\/Top-4-Software-Development-Methodologies-768x400.webp 768w, http:\/\/www.centergroup.it\/wp-content\/uploads\/2024\/03\/Top-4-Software-Development-Methodologies-1536x800.webp 1536w\" sizes=\"(max-width: 1920px) 100vw, 1920px\" \/><div class=\"wp-block-cover__inner-container is-layout-flow wp-block-cover-is-layout-flow\">\n<div style=\"height:50px\" aria-hidden=\"true\" class=\"wp-block-spacer\"><\/div>\n<\/div><\/div>\n<\/div><\/div>\n\n\n\n<div class=\"wp-block-columns alignfull is-layout-flex wp-block-columns-is-layout-flex\" style=\"margin-bottom:0\">\n<div class=\"wp-block-column has-white-background-color has-text-color has-background has-link-color wp-elements-edea786a6d0268c9adf3947b18fa660a is-layout-flow wp-block-column-is-layout-flow\" style=\"color:#000000;padding-top:2em;padding-right:2em;padding-bottom:2em;padding-left:2em\">\n<h2 class=\"wp-block-heading has-cyan-bluish-gray-color has-text-color has-link-color wp-elements-facf5b7ef31390422aca1f7237c94ea4\" id=\"single\" style=\"font-size:40px\">Iron Doc<\/h2>\n\n\n\n<p class=\"has-medium-font-size\" style=\"line-height:1.5\"><\/p>\n\n\n\n<p><strong>Gestione e classificazione dei documenti<\/strong><\/p>\n\n\n\n<p>\u00c8 utile per organizzare sia documenti cartacei che digitali in un\u2019unica soluzione. Pu\u00f2 essere utilizzato da privati e aziende, ed \u00e8 progettato per semplificare la quotidianit\u00e0 dei lavoratori.&nbsp;Tra le sue caratteristiche principali ci sono la dematerializzazione dei documenti e la protocollazione documentale.<\/p>\n\n\n\n<p>In alcuni progetti di archiviazione documentale digitale, la ricerca dei documenti in archivio attraverso i metadati pu\u00f2 non essere sufficiente. Pu\u00f2 presentarsi la necessit\u00e0 di ritrovare un documento digitale a partire da una parola o da una porzione di testo all\u2019interno del corpo del suo contenuto. Lo strumento per effettuare questo consiste nella  ricerca full-text.<\/p>\n\n\n\n<p><strong>Modelli di fruizione<\/strong><\/p>\n\n\n\n<p>Platform-as-a-service od on-premise<\/p>\n\n\n\n<div class=\"wp-block-buttons alignfull is-horizontal is-content-justification-center is-layout-flex wp-block-buttons-is-layout-flex\">\n<div class=\"wp-block-button has-custom-width wp-block-button__width-100\"><a class=\"wp-block-button__link has-white-color has-cyan-bluish-gray-background-color has-text-color has-background no-border-radius wp-element-button\">Ordina e dematerializza i tuoi documenti<\/a><\/div>\n<\/div>\n<\/div>\n\n\n\n<div class=\"wp-block-column has-white-background-color has-text-color has-background has-link-color wp-elements-8d9c29e8b9651e2cd5ef32a93aaf429d is-layout-flow wp-block-column-is-layout-flow\" style=\"color:#000000;padding-top:2em;padding-right:2em;padding-bottom:2em;padding-left:2em\">\n<h2 class=\"wp-block-heading has-light-green-cyan-color has-text-color has-link-color wp-elements-05cebdc25211ceb85b8f1222dc197ba0\" id=\"family\" style=\"font-size:40px\">Gestione patrimonio immobiliare<\/h2>\n\n\n\n<p class=\"has-medium-font-size\" style=\"line-height:1.5\"><\/p>\n\n\n\n<hr class=\"wp-block-separator has-css-opacity\"\/>\n\n\n\n<p>La&nbsp;<strong>gestione del patrimonio immobiliare<\/strong>&nbsp;\u00e8 un aspetto cruciale  per molte organizzazioni,  Comprende una visione strategica del patrimonio immobiliare. La sua architettura modulare garantisce le diverse funzionalit\u00e0 in modo completamente integrato, grazie ad una base dati centralizzata che consente una gestione simmetrica delle diverse attivit\u00e0.<\/p>\n\n\n\n<p>La scelta tra una piattaforma&nbsp;<strong>on-premise<\/strong>&nbsp;o&nbsp;<strong>SaaS (Software as a Service)<\/strong>&nbsp;pu\u00f2 influenzare notevolmente l\u2019efficienza e la flessibilit\u00e0 del sistema. Vediamo le differenze tra i due approcci:<\/p>\n\n\n\n<p><strong>On-Premise<\/strong>:<\/p>\n\n\n\n<ul class=\"wp-block-list\">\n<li>Nel modello&nbsp;<strong>on-premise<\/strong>, l\u2019organizzazione acquisisce e installa il software nei propri data center.<\/li>\n\n\n\n<li><strong>Implementazione<\/strong>: L\u2019implementazione IT interna gestisce l\u2019infrastruttura necessaria per utilizzare il software in modo sicuro e su larga scala. Ci\u00f2 include l\u2019acquisto e la gestione dell\u2019hardware del server, la configurazione e l\u2019aggiornamento dei sistemi operativi e dei componenti aggiuntivi.<\/li>\n\n\n\n<li><strong>Costi<\/strong>: Le soluzioni on-premise richiedono investimenti iniziali per l\u2019acquisto dell\u2019infrastruttura e la manutenzione continua. Tuttavia, offrono un alto grado di personalizzazione.<\/li>\n\n\n\n<li><strong>Personalizzazione<\/strong>: L\u2019organizzazione ha il controllo completo sulla propria infrastruttura e pu\u00f2 personalizzare il software per soddisfare le esigenze specifiche.<\/li>\n\n\n\n<li><strong>Vantaggi<\/strong>: Maggiore controllo e flessibilit\u00e0.<\/li>\n<\/ul>\n\n\n\n<p><strong>SaaS (Software as a Service)<\/strong>:<\/p>\n\n\n\n<ul class=\"wp-block-list\">\n<li>Nel modello SaaS, le applicazioni vengono fornite agli utenti finali tramite un browser Internet. I fornitori SaaS gestiscono<\/li>\n<\/ul>\n\n\n\n<ol class=\"wp-block-list\">\n<li><\/li>\n<\/ol>\n\n\n\n<div class=\"wp-block-buttons alignfull is-horizontal is-content-justification-center is-layout-flex wp-block-buttons-is-layout-flex\">\n<div class=\"wp-block-button has-custom-width wp-block-button__width-100\"><a class=\"wp-block-button__link has-black-color has-light-green-cyan-background-color has-text-color has-background no-border-radius wp-element-button\">Contattaci per la soluzione adatta!<\/a><\/div>\n<\/div>\n<\/div>\n\n\n\n<div class=\"wp-block-column has-white-background-color has-text-color has-background has-link-color wp-elements-2b1ca8fad13256fa6b33779a5a647fa2 is-layout-flow wp-block-column-is-layout-flow\" style=\"color:#000000;padding-top:2em;padding-right:2em;padding-bottom:2em;padding-left:2em\">\n<h2 class=\"wp-block-heading has-vivid-cyan-blue-color has-text-color has-link-color wp-elements-cdfddaad74b90a60542c74816d04711e\" id=\"patron\" style=\"font-size:40px\">Energy Monitoring<\/h2>\n\n\n\n<p class=\"has-medium-font-size\"><\/p>\n\n\n\n<hr class=\"wp-block-separator has-css-opacity\"\/>\n\n\n\n<p class=\"has-medium-font-size\">Sostware ed hardware per il monitoraggio energetico<\/p>\n\n\n\n<p>Ecosistema software per il monitoraggio della generazione e del consumo di energia rinnovabile a livello commerciale e industriale.<\/p>\n\n\n\n<figure class=\"wp-block-image size-full is-resized\"><img decoding=\"async\" width=\"324\" height=\"180\" src=\"http:\/\/www.centergroup.it\/wp-content\/uploads\/2024\/04\/OIP-3.jpg\" alt=\"\" class=\"wp-image-495\" style=\"width:400px;height:auto\" srcset=\"http:\/\/www.centergroup.it\/wp-content\/uploads\/2024\/04\/OIP-3.jpg 324w, http:\/\/www.centergroup.it\/wp-content\/uploads\/2024\/04\/OIP-3-300x167.jpg 300w\" sizes=\"(max-width: 324px) 100vw, 324px\" \/><\/figure>\n\n\n\n<p>Caratteristiche:<br>Monitoraggio dell\u2019elettricit\u00e0, della temperatura e dell\u2019umidit\u00e0.<br>Visualizzazione dei dati storici e in tempo reale.<br>Registrazione dei dati in locale e\/o remota.<br>Esplorazione della generazione di energia solare fotovoltaica.<br>Calcolo del consumo energetico in loco.<br>Ottimizzazione della corrispondenza della domanda.<br>Deviazione in tempo reale dell\u2019energia solare fotovoltaica.<br>Monitoraggio delle pompe di calore.<br>Funzionalit\u00e0 avanzate di sicurezza e possibilit\u00e0 personalizzazione.<br><\/p>\n\n\n\n<div class=\"wp-block-buttons alignfull is-horizontal is-content-justification-center is-layout-flex wp-block-buttons-is-layout-flex\">\n<div class=\"wp-block-button has-custom-width wp-block-button__width-100\"><a class=\"wp-block-button__link has-white-color has-vivid-cyan-blue-background-color has-text-color has-background no-border-radius wp-element-button\">Il tuo piano di monitoraggio energetico.<\/a><\/div>\n<\/div>\n<\/div>\n\n\n\n<div class=\"wp-block-column has-white-background-color has-text-color has-background has-link-color wp-elements-2a002b5be7d8ce3623ad48d8b78aa770 is-layout-flow wp-block-column-is-layout-flow\" style=\"color:#000000;padding-top:2em;padding-right:2em;padding-bottom:2em;padding-left:2em\">\n<h2 class=\"wp-block-heading has-luminous-vivid-amber-color has-text-color has-link-color wp-elements-8f1fa064535efc6240d4126b2c1fe816\" id=\"patron\" style=\"font-size:40px\">Sviluppo software personalizzato<\/h2>\n\n\n\n<p>Sono software sono concepiti per rispondere alle esigenze precise di un\u2019azienda. Durante lo sviluppo del software personalizzato, si impiegano linguaggi di programmazione e tecnologie all\u2019avanguardia, oltre a metodologie di sviluppo agili e strumenti di gestione del ciclo di vita del software (SDLC).&nbsp;L\u2019obiettivo di questo processo \u00e8 la creazione di una soluzione software su misura potente e performante, che non solo soddisfi le esigenze specifiche dell\u2019azienda, ma garantisca anche un\u2019esperienza utente impeccabile e intuitiva, contribuendo al successo dell\u2019azienda.<\/p>\n\n\n\n<p>A differenza dei&nbsp;<strong>software standard<\/strong>, che sono disponibili per quasi ogni attivit\u00e0 e progettati per soddisfare le esigenze di un vasto pubblico, i software personalizzati sono soluzioni digitali su misura che rispecchiano le caratteristiche uniche di un dato business.&nbsp;Pertanto, se hai esigenze specifiche o vuoi ottimizzare le operazioni aziendali, potrebbe essere opportuno considerare lo sviluppo di un software personalizzato<\/p>\n\n\n\n<p><\/p>\n\n\n\n<p><\/p>\n\n\n\n<p><\/p>\n\n\n\n<div class=\"wp-block-buttons alignfull is-horizontal is-content-justification-center is-layout-flex wp-block-buttons-is-layout-flex\">\n<div class=\"wp-block-button has-custom-width wp-block-button__width-100\"><a class=\"wp-block-button__link has-black-color has-luminous-vivid-amber-background-color has-text-color has-background no-border-radius wp-element-button\">Contattaci per il tuo piano sviluppo personalizzato<\/a><\/div>\n<\/div>\n<\/div>\n<\/div>\n<\/div><\/div>","protected":false},"excerpt":{"rendered":"<p>Iron Doc Gestione e classificazione dei documenti \u00c8 utile per organizzare sia documenti cartacei che digitali in un\u2019unica soluzione. Pu\u00f2 essere utilizzato da privati e aziende, ed \u00e8 progettato per semplificare la quotidianit\u00e0 dei lavoratori.&nbsp;Tra le sue caratteristiche principali ci sono la dematerializzazione dei documenti e la protocollazione documentale. In alcuni progetti di archiviazione documentale <a class=\"read-more\" href=\"http:\/\/www.centergroup.it\/?page_id=212\">LEGGI TUTTO<\/a><\/p>\n","protected":false},"author":1,"featured_media":0,"parent":0,"menu_order":0,"comment_status":"closed","ping_status":"closed","template":"template-full-width.php","meta":{"footnotes":""},"class_list":["post-212","page","type-page","status-publish","hentry"],"_links":{"self":[{"href":"http:\/\/www.centergroup.it\/index.php?rest_route=\/wp\/v2\/pages\/212","targetHints":{"allow":["GET"]}}],"collection":[{"href":"http:\/\/www.centergroup.it\/index.php?rest_route=\/wp\/v2\/pages"}],"about":[{"href":"http:\/\/www.centergroup.it\/index.php?rest_route=\/wp\/v2\/types\/page"}],"author":[{"embeddable":true,"href":"http:\/\/www.centergroup.it\/index.php?rest_route=\/wp\/v2\/users\/1"}],"replies":[{"embeddable":true,"href":"http:\/\/www.centergroup.it\/index.php?rest_route=%2Fwp%2Fv2%2Fcomments&post=212"}],"version-history":[{"count":17,"href":"http:\/\/www.centergroup.it\/index.php?rest_route=\/wp\/v2\/pages\/212\/revisions"}],"predecessor-version":[{"id":502,"href":"http:\/\/www.centergroup.it\/index.php?rest_route=\/wp\/v2\/pages\/212\/revisions\/502"}],"wp:attachment":[{"href":"http:\/\/www.centergroup.it\/index.php?rest_route=%2Fwp%2Fv2%2Fmedia&parent=212"}],"curies":[{"name":"wp","href":"https:\/\/api.w.org\/{rel}","templated":true}]}}